{"id":5291,"date":"2024-12-23T17:06:15","date_gmt":"2024-12-23T17:06:15","guid":{"rendered":"https:\/\/baronasporting1971.it\/?page_id=5291"},"modified":"2025-01-22T14:56:29","modified_gmt":"2025-01-22T14:56:29","slug":"tesseramento-online","status":"publish","type":"page","link":"https:\/\/baronasporting1971.it\/index.php\/tesseramento-online\/","title":{"rendered":"Tesseramento online"},"content":{"rendered":"\t\t<div data-elementor-type=\"wp-page\" data-elementor-id=\"5291\" class=\"elementor elementor-5291\" data-elementor-post-type=\"page\">\n\t\t\t\t\t\t<section class=\"elementor-section elementor-top-section elementor-element elementor-element-d13f4aa elementor-section-full_width elementor-section-height-min-height elementor-section-items-stretch elementor-section-content-middle elementor-reverse-mobile elementor-hidden-mobile elementor-section-height-default\" data-id=\"d13f4aa\" data-element_type=\"section\" data-e-type=\"section\" data-settings=\"{&quot;background_background&quot;:&quot;classic&quot;,&quot;background_motion_fx_motion_fx_mouse&quot;:&quot;yes&quot;,&quot;background_motion_fx_mouseTrack_effect&quot;:&quot;yes&quot;,&quot;background_motion_fx_mouseTrack_speed&quot;:{&quot;unit&quot;:&quot;px&quot;,&quot;size&quot;:&quot;0.3&quot;,&quot;sizes&quot;:[]}}\">\n\t\t\t\t\t\t<div class=\"elementor-container elementor-column-gap-default\">\n\t\t\t\t\t<div class=\"elementor-column elementor-col-50 elementor-top-column elementor-element elementor-element-09a6fc1 animated-slow elementor-invisible\" data-id=\"09a6fc1\" data-element_type=\"column\" data-e-type=\"column\" data-settings=\"{&quot;animation&quot;:&quot;fadeInLeft&quot;,&quot;animation_mobile&quot;:&quot;fadeIn&quot;}\">\n\t\t\t<div class=\"elementor-widget-wrap elementor-element-populated\">\n\t\t\t\t\t\t<div class=\"elementor-element elementor-element-ccb9ea2 elementor-widget elementor-widget-heading\" data-id=\"ccb9ea2\" data-element_type=\"widget\" data-e-type=\"widget\" data-widget_type=\"heading.default\">\n\t\t\t\t<div class=\"elementor-widget-container\">\n\t\t\t\t\t<h1 class=\"elementor-heading-title elementor-size-default\">Tesseramento online<\/h1>\t\t\t\t<\/div>\n\t\t\t\t<\/div>\n\t\t\t\t<div class=\"elementor-element elementor-element-f447415 elementor-widget elementor-widget-text-editor\" data-id=\"f447415\" data-element_type=\"widget\" data-e-type=\"widget\" data-widget_type=\"text-editor.default\">\n\t\t\t\t<div class=\"elementor-widget-container\">\n\t\t\t\t\t\t\t\t\t<p>Qui potete facilmente <strong>iniziare il processo di iscrizione<\/strong> utilizzando la nostra piattaforma online.<\/p><p>Compilate il modulo con i vostri dati per aiutarci a <strong>gestire al meglio il vostro ingresso nella nostra comunit\u00e0 sportiva<\/strong>.<\/p>\t\t\t\t\t\t\t\t<\/div>\n\t\t\t\t<\/div>\n\t\t\t\t<div class=\"elementor-element elementor-element-390e6c3 elementor-widget elementor-widget-button\" data-id=\"390e6c3\" data-element_type=\"widget\" data-e-type=\"widget\" data-widget_type=\"button.default\">\n\t\t\t\t<div class=\"elementor-widget-container\">\n\t\t\t\t\t\t\t\t\t<div class=\"elementor-button-wrapper\">\n\t\t\t\t\t<a class=\"elementor-button elementor-button-link elementor-size-sm\" href=\"https:\/\/moduli.golee.it\/barona-sporting-1971-ssd-arl\/tesseramento-alla-societ\" target=\"_blank\" rel=\"noopener\">\n\t\t\t\t\t\t<span class=\"elementor-button-content-wrapper\">\n\t\t\t\t\t\t\t\t\t<span class=\"elementor-button-text\">Vai al tesseramento<\/span>\n\t\t\t\t\t<\/span>\n\t\t\t\t\t<\/a>\n\t\t\t\t<\/div>\n\t\t\t\t\t\t\t\t<\/div>\n\t\t\t\t<\/div>\n\t\t\t\t\t<\/div>\n\t\t<\/div>\n\t\t\t\t<div class=\"elementor-column elementor-col-50 elementor-top-column elementor-element elementor-element-4d0c6c7 animated-slow elementor-invisible\" data-id=\"4d0c6c7\" data-element_type=\"column\" data-e-type=\"column\" data-settings=\"{&quot;animation&quot;:&quot;fadeInRight&quot;,&quot;animation_mobile&quot;:&quot;fadeIn&quot;}\">\n\t\t\t<div class=\"elementor-widget-wrap elementor-element-populated\">\n\t\t\t\t\t\t<div class=\"elementor-element elementor-element-ffa630e elementor-widget elementor-widget-image\" data-id=\"ffa630e\" data-element_type=\"widget\" data-e-type=\"widget\" data-widget_type=\"image.default\">\n\t\t\t\t<div class=\"elementor-widget-container\">\n\t\t\t\t\t\t\t\t\t\t\t\t\t\t\t<img fetchpriority=\"high\" decoding=\"async\" width=\"1000\" height=\"1000\" src=\"https:\/\/baronasporting1971.it\/wp-content\/uploads\/2024\/12\/Tesseramento-online.jpg\" class=\"attachment-full size-full wp-image-5298\" alt=\"\" srcset=\"https:\/\/baronasporting1971.it\/wp-content\/uploads\/2024\/12\/Tesseramento-online.jpg 1000w, https:\/\/baronasporting1971.it\/wp-content\/uploads\/2024\/12\/Tesseramento-online-300x300.jpg 300w, https:\/\/baronasporting1971.it\/wp-content\/uploads\/2024\/12\/Tesseramento-online-150x150.jpg 150w, https:\/\/baronasporting1971.it\/wp-content\/uploads\/2024\/12\/Tesseramento-online-768x768.jpg 768w\" sizes=\"(max-width: 1000px) 100vw, 1000px\" \/>\t\t\t\t\t\t\t\t\t\t\t\t\t\t\t<\/div>\n\t\t\t\t<\/div>\n\t\t\t\t\t<\/div>\n\t\t<\/div>\n\t\t\t\t\t<\/div>\n\t\t<\/section>\n\t\t\t\t<section class=\"elementor-section elementor-top-section elementor-element elementor-element-e8e81eb elementor-section-full_width elementor-section-height-min-height elementor-section-items-stretch elementor-section-content-middle elementor-reverse-mobile elementor-hidden-desktop elementor-hidden-tablet elementor-section-height-default\" data-id=\"e8e81eb\" data-element_type=\"section\" data-e-type=\"section\" data-settings=\"{&quot;background_background&quot;:&quot;classic&quot;,&quot;background_motion_fx_motion_fx_mouse&quot;:&quot;yes&quot;,&quot;background_motion_fx_mouseTrack_effect&quot;:&quot;yes&quot;,&quot;background_motion_fx_mouseTrack_speed&quot;:{&quot;unit&quot;:&quot;px&quot;,&quot;size&quot;:&quot;0.3&quot;,&quot;sizes&quot;:[]}}\">\n\t\t\t\t\t\t<div class=\"elementor-container elementor-column-gap-default\">\n\t\t\t\t\t<div class=\"elementor-column elementor-col-100 elementor-top-column elementor-element elementor-element-65744b9 animated-slow elementor-invisible\" data-id=\"65744b9\" data-element_type=\"column\" data-e-type=\"column\" data-settings=\"{&quot;animation&quot;:&quot;fadeInLeft&quot;,&quot;animation_mobile&quot;:&quot;fadeIn&quot;}\">\n\t\t\t<div class=\"elementor-widget-wrap elementor-element-populated\">\n\t\t\t\t\t\t<div class=\"elementor-element elementor-element-f2a272f elementor-widget elementor-widget-heading\" data-id=\"f2a272f\" data-element_type=\"widget\" data-e-type=\"widget\" data-widget_type=\"heading.default\">\n\t\t\t\t<div class=\"elementor-widget-container\">\n\t\t\t\t\t<h1 class=\"elementor-heading-title elementor-size-default\">Tesseramento online<\/h1>\t\t\t\t<\/div>\n\t\t\t\t<\/div>\n\t\t\t\t<div class=\"elementor-element elementor-element-a659d26 elementor-widget elementor-widget-image\" data-id=\"a659d26\" data-element_type=\"widget\" data-e-type=\"widget\" data-settings=\"{&quot;motion_fx_motion_fx_mouse&quot;:&quot;yes&quot;,&quot;motion_fx_tilt_effect&quot;:&quot;yes&quot;,&quot;motion_fx_tilt_speed&quot;:{&quot;unit&quot;:&quot;px&quot;,&quot;size&quot;:&quot;1&quot;,&quot;sizes&quot;:[]},&quot;motion_fx_motion_fx_scrolling&quot;:&quot;yes&quot;,&quot;motion_fx_devices&quot;:[&quot;desktop&quot;,&quot;tablet&quot;],&quot;motion_fx_translateY_effect&quot;:&quot;yes&quot;,&quot;motion_fx_translateY_speed&quot;:{&quot;unit&quot;:&quot;px&quot;,&quot;size&quot;:&quot;2&quot;,&quot;sizes&quot;:[]},&quot;motion_fx_translateY_affectedRange&quot;:{&quot;unit&quot;:&quot;%&quot;,&quot;size&quot;:&quot;&quot;,&quot;sizes&quot;:{&quot;start&quot;:0,&quot;end&quot;:100}}}\" data-widget_type=\"image.default\">\n\t\t\t\t<div class=\"elementor-widget-container\">\n\t\t\t\t\t\t\t\t\t\t\t\t\t\t\t<img fetchpriority=\"high\" decoding=\"async\" width=\"1000\" height=\"1000\" src=\"https:\/\/baronasporting1971.it\/wp-content\/uploads\/2024\/12\/Tesseramento-online.jpg\" class=\"attachment-full size-full wp-image-5298\" alt=\"\" srcset=\"https:\/\/baronasporting1971.it\/wp-content\/uploads\/2024\/12\/Tesseramento-online.jpg 1000w, https:\/\/baronasporting1971.it\/wp-content\/uploads\/2024\/12\/Tesseramento-online-300x300.jpg 300w, https:\/\/baronasporting1971.it\/wp-content\/uploads\/2024\/12\/Tesseramento-online-150x150.jpg 150w, https:\/\/baronasporting1971.it\/wp-content\/uploads\/2024\/12\/Tesseramento-online-768x768.jpg 768w\" sizes=\"(max-width: 1000px) 100vw, 1000px\" \/>\t\t\t\t\t\t\t\t\t\t\t\t\t\t\t<\/div>\n\t\t\t\t<\/div>\n\t\t\t\t<div class=\"elementor-element elementor-element-b454969 elementor-widget elementor-widget-text-editor\" data-id=\"b454969\" data-element_type=\"widget\" data-e-type=\"widget\" data-widget_type=\"text-editor.default\">\n\t\t\t\t<div class=\"elementor-widget-container\">\n\t\t\t\t\t\t\t\t\t<p>Qui potete facilmente <strong>iniziare il processo di iscrizione<\/strong> utilizzando la nostra piattaforma online.<\/p><p>Compilate il modulo con i vostri dati per aiutarci a <strong>gestire al meglio il vostro ingresso nella nostra comunit\u00e0 sportiva<\/strong>.<\/p>\t\t\t\t\t\t\t\t<\/div>\n\t\t\t\t<\/div>\n\t\t\t\t<div class=\"elementor-element elementor-element-0847066 elementor-mobile-align-center elementor-widget elementor-widget-button\" data-id=\"0847066\" data-element_type=\"widget\" data-e-type=\"widget\" data-widget_type=\"button.default\">\n\t\t\t\t<div class=\"elementor-widget-container\">\n\t\t\t\t\t\t\t\t\t<div class=\"elementor-button-wrapper\">\n\t\t\t\t\t<a class=\"elementor-button elementor-button-link elementor-size-sm\" href=\"https:\/\/moduli.golee.it\/barona-sporting-1971-ssd-arl\/tesseramento-alla-societ\" target=\"_blank\" rel=\"noopener\">\n\t\t\t\t\t\t<span class=\"elementor-button-content-wrapper\">\n\t\t\t\t\t\t\t\t\t<span class=\"elementor-button-text\">Vai al tesseramento<\/span>\n\t\t\t\t\t<\/span>\n\t\t\t\t\t<\/a>\n\t\t\t\t<\/div>\n\t\t\t\t\t\t\t\t<\/div>\n\t\t\t\t<\/div>\n\t\t\t\t\t<\/div>\n\t\t<\/div>\n\t\t\t\t\t<\/div>\n\t\t<\/section>\n\t\t\t\t<section class=\"elementor-section elementor-top-section elementor-element elementor-element-40c93ff elementor-section-boxed elementor-section-height-default elementor-section-height-default\" data-id=\"40c93ff\" data-element_type=\"section\" data-e-type=\"section\" data-settings=\"{&quot;background_background&quot;:&quot;classic&quot;}\">\n\t\t\t\t\t\t<div class=\"elementor-container elementor-column-gap-default\">\n\t\t\t\t\t<div class=\"elementor-column elementor-col-100 elementor-top-column elementor-element elementor-element-1e93cc3\" data-id=\"1e93cc3\" data-element_type=\"column\" data-e-type=\"column\">\n\t\t\t<div class=\"elementor-widget-wrap elementor-element-populated\">\n\t\t\t\t\t\t<section class=\"elementor-section elementor-inner-section elementor-element elementor-element-6b277c6 elementor-section-full_width elementor-section-height-min-height animated-slow elementor-reverse-tablet elementor-section-height-default elementor-invisible\" data-id=\"6b277c6\" data-element_type=\"section\" data-e-type=\"section\" data-settings=\"{&quot;animation&quot;:&quot;fadeIn&quot;,&quot;animation_mobile&quot;:&quot;fadeIn&quot;}\">\n\t\t\t\t\t\t<div class=\"elementor-container elementor-column-gap-no\">\n\t\t\t\t\t<div class=\"elementor-column elementor-col-66 elementor-inner-column elementor-element elementor-element-e797592\" data-id=\"e797592\" data-element_type=\"column\" data-e-type=\"column\" data-settings=\"{&quot;background_background&quot;:&quot;classic&quot;}\">\n\t\t\t<div class=\"elementor-widget-wrap elementor-element-populated\">\n\t\t\t\t\t\t<div class=\"elementor-element elementor-element-a9d1778 elementor-widget elementor-widget-image\" data-id=\"a9d1778\" data-element_type=\"widget\" data-e-type=\"widget\" data-widget_type=\"image.default\">\n\t\t\t\t<div class=\"elementor-widget-container\">\n\t\t\t\t\t\t\t\t\t\t\t\t\t\t\t<img decoding=\"async\" width=\"2048\" height=\"1152\" src=\"https:\/\/baronasporting1971.it\/wp-content\/uploads\/2025\/01\/Immagine-WhatsApp-2025-01-21-ore-12.36.02_1162a7bf.jpg\" class=\"attachment-full size-full wp-image-5806\" alt=\"Barona Sporting 1971 - navetta\" srcset=\"https:\/\/baronasporting1971.it\/wp-content\/uploads\/2025\/01\/Immagine-WhatsApp-2025-01-21-ore-12.36.02_1162a7bf.jpg 2048w, https:\/\/baronasporting1971.it\/wp-content\/uploads\/2025\/01\/Immagine-WhatsApp-2025-01-21-ore-12.36.02_1162a7bf-300x169.jpg 300w, https:\/\/baronasporting1971.it\/wp-content\/uploads\/2025\/01\/Immagine-WhatsApp-2025-01-21-ore-12.36.02_1162a7bf-1024x576.jpg 1024w, https:\/\/baronasporting1971.it\/wp-content\/uploads\/2025\/01\/Immagine-WhatsApp-2025-01-21-ore-12.36.02_1162a7bf-768x432.jpg 768w, https:\/\/baronasporting1971.it\/wp-content\/uploads\/2025\/01\/Immagine-WhatsApp-2025-01-21-ore-12.36.02_1162a7bf-1536x864.jpg 1536w\" sizes=\"(max-width: 2048px) 100vw, 2048px\" \/>\t\t\t\t\t\t\t\t\t\t\t\t\t\t\t<\/div>\n\t\t\t\t<\/div>\n\t\t\t\t\t<\/div>\n\t\t<\/div>\n\t\t\t\t<div class=\"elementor-column elementor-col-33 elementor-inner-column elementor-element elementor-element-78599ac\" data-id=\"78599ac\" data-element_type=\"column\" data-e-type=\"column\">\n\t\t\t<div class=\"elementor-widget-wrap elementor-element-populated\">\n\t\t\t\t\t\t<div class=\"elementor-element elementor-element-5dd447b elementor-widget elementor-widget-heading\" data-id=\"5dd447b\" data-element_type=\"widget\" data-e-type=\"widget\" data-widget_type=\"heading.default\">\n\t\t\t\t<div class=\"elementor-widget-container\">\n\t\t\t\t\t<h3 class=\"elementor-heading-title elementor-size-default\">Servizio Navetta<\/h3>\t\t\t\t<\/div>\n\t\t\t\t<\/div>\n\t\t\t\t<div class=\"elementor-element elementor-element-859a3f4 elementor-widget-divider--view-line elementor-widget elementor-widget-divider\" data-id=\"859a3f4\" data-element_type=\"widget\" data-e-type=\"widget\" data-widget_type=\"divider.default\">\n\t\t\t\t<div class=\"elementor-widget-container\">\n\t\t\t\t\t\t\t<div class=\"elementor-divider\">\n\t\t\t<span class=\"elementor-divider-separator\">\n\t\t\t\t\t\t<\/span>\n\t\t<\/div>\n\t\t\t\t\t\t<\/div>\n\t\t\t\t<\/div>\n\t\t\t\t<div class=\"elementor-element elementor-element-5cf6310 elementor-widget elementor-widget-text-editor\" data-id=\"5cf6310\" data-element_type=\"widget\" data-e-type=\"widget\" data-widget_type=\"text-editor.default\">\n\t\t\t\t<div class=\"elementor-widget-container\">\n\t\t\t\t\t\t\t\t\t<p>Barona Sporting 1971 mette a disposizione un <strong>comodo servizio di navetta<\/strong> per gli atleti e i giovani partecipanti. Questo servizio assicura <strong>trasporti sicuri e puntuali da e per il centro sportivo<\/strong>, facilitando l&#8217;accesso agli allenamenti e alle partite.<\/p><p>\u00c8 il nostro modo di supportare le famiglie e garantire che ogni atleta possa partecipare con facilit\u00e0 alle nostre attivit\u00e0 sportive.<\/p>\t\t\t\t\t\t\t\t<\/div>\n\t\t\t\t<\/div>\n\t\t\t\t\t<\/div>\n\t\t<\/div>\n\t\t\t\t\t<\/div>\n\t\t<\/section>\n\t\t\t\t\t<\/div>\n\t\t<\/div>\n\t\t\t\t\t<\/div>\n\t\t<\/section>\n\t\t\t\t<section class=\"elementor-section elementor-top-section elementor-element elementor-element-70abd3f elementor-section-boxed elementor-section-height-default elementor-section-height-default\" data-id=\"70abd3f\" data-element_type=\"section\" data-e-type=\"section\">\n\t\t\t\t\t\t<div class=\"elementor-container elementor-column-gap-default\">\n\t\t\t\t\t<div class=\"elementor-column elementor-col-100 elementor-top-column elementor-element elementor-element-c15fd53\" data-id=\"c15fd53\" data-element_type=\"column\" data-e-type=\"column\">\n\t\t\t<div class=\"elementor-widget-wrap elementor-element-populated\">\n\t\t\t\t\t\t<section class=\"elementor-section elementor-inner-section elementor-element elementor-element-9eb4374 elementor-section-full_width elementor-section-height-min-height animated-slow elementor-reverse-tablet elementor-reverse-mobile elementor-section-height-default elementor-invisible\" data-id=\"9eb4374\" data-element_type=\"section\" data-e-type=\"section\" data-settings=\"{&quot;animation&quot;:&quot;fadeIn&quot;,&quot;animation_mobile&quot;:&quot;fadeIn&quot;}\">\n\t\t\t\t\t\t<div class=\"elementor-container elementor-column-gap-no\">\n\t\t\t\t\t<div class=\"elementor-column elementor-col-33 elementor-inner-column elementor-element elementor-element-cbc1de8\" data-id=\"cbc1de8\" data-element_type=\"column\" data-e-type=\"column\">\n\t\t\t<div class=\"elementor-widget-wrap elementor-element-populated\">\n\t\t\t\t\t\t<div class=\"elementor-element elementor-element-38d3fb9 elementor-widget elementor-widget-heading\" data-id=\"38d3fb9\" data-element_type=\"widget\" data-e-type=\"widget\" data-widget_type=\"heading.default\">\n\t\t\t\t<div class=\"elementor-widget-container\">\n\t\t\t\t\t<h3 class=\"elementor-heading-title elementor-size-default\">Come Iscriversi<\/h3>\t\t\t\t<\/div>\n\t\t\t\t<\/div>\n\t\t\t\t<div class=\"elementor-element elementor-element-18adadd elementor-widget-divider--view-line elementor-widget elementor-widget-divider\" data-id=\"18adadd\" data-element_type=\"widget\" data-e-type=\"widget\" data-widget_type=\"divider.default\">\n\t\t\t\t<div class=\"elementor-widget-container\">\n\t\t\t\t\t\t\t<div class=\"elementor-divider\">\n\t\t\t<span class=\"elementor-divider-separator\">\n\t\t\t\t\t\t<\/span>\n\t\t<\/div>\n\t\t\t\t\t\t<\/div>\n\t\t\t\t<\/div>\n\t\t\t\t<div class=\"elementor-element elementor-element-1abe987 elementor-widget elementor-widget-text-editor\" data-id=\"1abe987\" data-element_type=\"widget\" data-e-type=\"widget\" data-widget_type=\"text-editor.default\">\n\t\t\t\t<div class=\"elementor-widget-container\">\n\t\t\t\t\t\t\t\t\t<p>Scannerizza il <strong>QR Code<\/strong> per compilare il modulo oppure clicca <strong><a href=\"https:\/\/emea01.safelinks.protection.outlook.com\/?url=https%3A%2F%2Fmoduli.golee.it%2Fbarona-sporting-1971-ssd-arl%2Ftesseramento-alla-societ&amp;data=05%7C02%7C%7Cd9754372be864eb9184f08dd1e7ff979%7C84df9e7fe9f640afb435aaaaaaaaaaaa%7C1%7C0%7C638700257166710774%7CUnknown%7CTWFpbGZsb3d8eyJFbXB0eU1hcGkiOnRydWUsIlYiOiIwLjAuMDAwMCIsIlAiOiJXaW4zMiIsIkFOIjoiTWFpbCIsIldUIjoyfQ%3D%3D%7C0%7C%7C%7C&amp;sdata=E4s5LmEwBCXGzFUA9btjcBxSnkKB1VyvOlEy7gu%2BbAE%3D&amp;reserved=0\" target=\"_blank\" rel=\"noopener\">QUI<\/a><\/strong>.<\/p>\t\t\t\t\t\t\t\t<\/div>\n\t\t\t\t<\/div>\n\t\t\t\t<div class=\"elementor-element elementor-element-ce66639 elementor-widget elementor-widget-text-editor\" data-id=\"ce66639\" data-element_type=\"widget\" data-e-type=\"widget\" data-widget_type=\"text-editor.default\">\n\t\t\t\t<div class=\"elementor-widget-container\">\n\t\t\t\t\t\t\t\t\t<ol><li><strong>Accesso al Modulo:<\/strong> Utilizzate il <a href=\"https:\/\/emea01.safelinks.protection.outlook.com\/?url=https%3A%2F%2Fmoduli.golee.it%2Fbarona-sporting-1971-ssd-arl%2Ftesseramento-alla-societ&amp;data=05%7C02%7C%7Cd9754372be864eb9184f08dd1e7ff979%7C84df9e7fe9f640afb435aaaaaaaaaaaa%7C1%7C0%7C638700257166710774%7CUnknown%7CTWFpbGZsb3d8eyJFbXB0eU1hcGkiOnRydWUsIlYiOiIwLjAuMDAwMCIsIlAiOiJXaW4zMiIsIkFOIjoiTWFpbCIsIldUIjoyfQ%3D%3D%7C0%7C%7C%7C&amp;sdata=E4s5LmEwBCXGzFUA9btjcBxSnkKB1VyvOlEy7gu%2BbAE%3D&amp;reserved=0\" target=\"_blank\" rel=\"noopener\">link<\/a> fornito per accedere direttamente al modulo di iscrizione online.<\/li><li><strong>Compilazione dei Dati:<\/strong> Inserite tutte le informazioni richieste nel modulo per facilitare l&#8217;elaborazione della vostra iscrizione.<\/li><li><strong>Visita la Sede:<\/strong> Dopo aver inviato il modulo online, vi invitiamo a visitare la nostra sede per completare il processo di tesseramento FIGC.<p><strong><br \/>Documenti Necessari:<\/strong><\/p><\/li><\/ol><ul><li>Richiesta di visita medico-sportiva.<\/li><li>Dichiarazione sostitutiva di certificazione.<p><br \/>Per qualsiasi domanda o supporto durante il processo di iscrizione, non esitate a contattarci. Le nostre informazioni di contatto sono disponibili sulla pagina.<\/p><\/li><\/ul>\t\t\t\t\t\t\t\t<\/div>\n\t\t\t\t<\/div>\n\t\t\t\t\t<\/div>\n\t\t<\/div>\n\t\t\t\t<div class=\"elementor-column elementor-col-66 elementor-inner-column elementor-element elementor-element-b668edd\" data-id=\"b668edd\" data-element_type=\"column\" data-e-type=\"column\" data-settings=\"{&quot;background_background&quot;:&quot;classic&quot;}\">\n\t\t\t<div class=\"elementor-widget-wrap elementor-element-populated\">\n\t\t\t\t\t\t<div class=\"elementor-element elementor-element-3cdd982 elementor-widget elementor-widget-image\" data-id=\"3cdd982\" data-element_type=\"widget\" data-e-type=\"widget\" data-widget_type=\"image.default\">\n\t\t\t\t<div class=\"elementor-widget-container\">\n\t\t\t\t\t\t\t\t\t\t\t\t\t\t\t<img decoding=\"async\" width=\"308\" height=\"310\" src=\"https:\/\/baronasporting1971.it\/wp-content\/uploads\/2024\/12\/Screenshot-2024-12-23-180748.png\" class=\"attachment-full size-full wp-image-5317\" alt=\"QR Code iscrizione Barona Sporting 1971\" srcset=\"https:\/\/baronasporting1971.it\/wp-content\/uploads\/2024\/12\/Screenshot-2024-12-23-180748.png 308w, https:\/\/baronasporting1971.it\/wp-content\/uploads\/2024\/12\/Screenshot-2024-12-23-180748-298x300.png 298w, https:\/\/baronasporting1971.it\/wp-content\/uploads\/2024\/12\/Screenshot-2024-12-23-180748-150x150.png 150w\" sizes=\"(max-width: 308px) 100vw, 308px\" \/>\t\t\t\t\t\t\t\t\t\t\t\t\t\t\t<\/div>\n\t\t\t\t<\/div>\n\t\t\t\t\t<\/div>\n\t\t<\/div>\n\t\t\t\t\t<\/div>\n\t\t<\/section>\n\t\t\t\t\t<\/div>\n\t\t<\/div>\n\t\t\t\t\t<\/div>\n\t\t<\/section>\n\t\t\t\t<\/div>\n\t\t","protected":false},"excerpt":{"rendered":"<p>Tesseramento online Qui potete facilmente iniziare il processo di iscrizione utilizzando la nostra piattaforma online. Compilate il modulo con i vostri dati per aiutarci a gestire al meglio il vostro ingresso nella nostra comunit\u00e0 sportiva. Vai al tesseramento Tesseramento online Qui potete facilmente iniziare il processo di iscrizione utilizzando la nostra piattaforma online. Compilate il [&hellip;]<\/p>\n","protected":false},"author":1,"featured_media":0,"parent":0,"menu_order":0,"comment_status":"closed","ping_status":"closed","template":"elementor_header_footer","meta":{"footnotes":""},"class_list":["post-5291","page","type-page","status-publish","hentry"],"_links":{"self":[{"href":"https:\/\/baronasporting1971.it\/index.php\/wp-json\/wp\/v2\/pages\/5291","targetHints":{"allow":["GET"]}}],"collection":[{"href":"https:\/\/baronasporting1971.it\/index.php\/wp-json\/wp\/v2\/pages"}],"about":[{"href":"https:\/\/baronasporting1971.it\/index.php\/wp-json\/wp\/v2\/types\/page"}],"author":[{"embeddable":true,"href":"https:\/\/baronasporting1971.it\/index.php\/wp-json\/wp\/v2\/users\/1"}],"replies":[{"embeddable":true,"href":"https:\/\/baronasporting1971.it\/index.php\/wp-json\/wp\/v2\/comments?post=5291"}],"version-history":[{"count":61,"href":"https:\/\/baronasporting1971.it\/index.php\/wp-json\/wp\/v2\/pages\/5291\/revisions"}],"predecessor-version":[{"id":5816,"href":"https:\/\/baronasporting1971.it\/index.php\/wp-json\/wp\/v2\/pages\/5291\/revisions\/5816"}],"wp:attachment":[{"href":"https:\/\/baronasporting1971.it\/index.php\/wp-json\/wp\/v2\/media?parent=5291"}],"curies":[{"name":"wp","href":"https:\/\/api.w.org\/{rel}","templated":true}]}}